{"id":1265,"date":"2026-03-09T18:14:58","date_gmt":"2026-03-09T18:14:58","guid":{"rendered":"https:\/\/amoved.es\/?page_id=1265"},"modified":"2026-03-09T18:14:58","modified_gmt":"2026-03-09T18:14:58","slug":"politica-de-privacidad","status":"publish","type":"page","link":"https:\/\/amoved.es\/en\/politica-de-privacidad\/","title":{"rendered":"Pol\u00edtica de privacidad"},"content":{"rendered":"\n<section class=\"wp-block-awt-section-hero has-persian-green-background-color has-background\"><div class=\"container row\"><div class=\"col awt-col-12 awt-col-lg-10 awt-col-xl-8\">\n<h2 class=\"wp-block-awt-rich-text has-custom-white-color has-text-color has-link-color wp-elements-52a3aafe9fb67284946cfa5d173fb44f\">Pol\u00edtica de privacidad<\/h2>\n<\/div><\/div><\/section>\n\n\n\n<div class=\"wp-block-group is-layout-constrained wp-container-core-group-is-layout-6799f2db wp-block-group-is-layout-constrained\">\n<div style=\"height:var(--wp--preset--spacing--60)\" aria-hidden=\"true\" class=\"wp-block-spacer\"><\/div>\n\n\n\n<h3 class=\"wp-block-heading\">No permitir el uso de Matomo para medir tr\u00e1fico<\/h3>\n\n\n\n<p>Utilizamos <a href=\"https:\/\/matomo.org\" data-type=\"link\" data-id=\"https:\/\/matomo.org\">Matomo<\/a> para realizar un an\u00e1lisis de tr\u00e1fico lo m\u00e1s \u00e9tico posible pero puedes desactivarlo en el siguiente casilla.<\/p>\n\n\n\n<div class=\"wp-block-group has-custom-white-color has-persian-green-background-color has-text-color has-background has-link-color wp-elements-3eadd03e10d7eebc086e47566dbefd37 is-layout-constrained wp-block-group-is-layout-constrained\">\n<p id=\"matomo_opted_out_intro\" style=\"display:none;\">Opt-out complete; your visits to this website will not be recorded by the Web Analytics tool. Note that if you clear your cookies, delete the opt-out cookie, or if you change computers or Web browsers, you will need to perform the opt-out procedure again.<\/p><p id=\"matomo_opted_in_intro\" >You may choose to prevent this website from aggregating and analyzing the actions you take here. Doing so will protect your privacy, but will also prevent the owner from learning from your actions and creating a better experience for you and other users.<\/p><form>\n        <input type=\"checkbox\" id=\"matomo_optout_checkbox\" checked=\"checked\"\/>\n        <label for=\"matomo_optout_checkbox\"><strong>\n        <span id=\"matomo_opted_in_label\" >You are not opted out. Uncheck this box to opt-out.<\/span>\n\t\t<span id=\"matomo_opted_out_label\" style=\"display:none;\">You are currently opted out. Check this box to opt-in.<\/span>\n        <\/strong><\/label><\/form><noscript><p><strong style=\"color: #ff0000;\">This opt out feature requires JavaScript.<\/strong><\/p><\/noscript><p id=\"matomo_outout_err_cookies\" style=\"display: none;\"><strong>The tracking opt-out feature requires cookies to be enabled.<\/strong><\/p>\n<\/div>\n\n\n\n<div style=\"height:var(--wp--preset--spacing--40)\" aria-hidden=\"true\" class=\"wp-block-spacer\"><\/div>\n\n\n\n<hr class=\"wp-block-separator has-text-color has-persian-green-color has-alpha-channel-opacity has-persian-green-background-color has-background is-style-wide\"\/>\n\n\n\n<h3 class=\"wp-block-heading\">Qui\u00e9nes somos<\/h3>\n\n\n\n<p><strong><a href=\"https:\/\/amoved.es\" data-type=\"link\" data-id=\"https:\/\/amoved.es\">amoved<\/a>,<\/strong> marca comercial de la entidad Asoc. ETDT, c\/ Paseo de Osuna 67, 28042, Madrid. La web a la que hace referencia esta pol\u00edtica de privacidad es: <a href=\"https:\/\/amoved.es\" target=\"_blank\" rel=\"noreferrer noopener\">https:\/\/amoved.es<\/a>.<\/p>\n\n\n\n<h3 class=\"wp-block-heading\">Contenido incrustado de otros sitios web<\/h3>\n\n\n\n<p>Los art\u00edculos de este sitio pueden incluir contenido incrustado (por ejemplo, v\u00eddeos, im\u00e1genes, art\u00edculos, etc.). El contenido incrustado de otras webs se comporta exactamente de la misma manera que si el visitante hubiera visitado la otra web.<\/p>\n\n\n\n<p>Estas web pueden recopilar datos sobre ti, utilizar cookies, incrustar un seguimiento adicional de terceros, y supervisar tu interacci\u00f3n con ese contenido incrustado, incluido el seguimiento de tu interacci\u00f3n con el contenido incrustado si tienes una cuenta y est\u00e1s conectado a esa web.<\/p>\n\n\n\n<h3 class=\"wp-block-heading\">Con qui\u00e9n compartimos tus datos<\/h3>\n\n\n\n<p>Los datos que recopilamos en esta web son para uso exclusivo de amoved. Utilizaremos el nombre y direcci\u00f3n de correo electr\u00f3nico del formulario de registro para poder contactar a las personas interesadas en el proyecto y enviar actualizaciones sobre el avance del proyecto u otras iniciativas similares impulsadas por amoved.<\/p>\n\n\n\n<h3 class=\"wp-block-heading\">Cu\u00e1nto tiempo conservamos tus datos<\/h3>\n\n\n\n<p>Estos datos se conservar\u00e1n indefinidamente. En caso de que quieras que eliminemos tus datos puedes ponerte en contacto con nuestro equipo a trav\u00e9s de <strong>taller@amoved.es<\/strong><\/p>\n\n\n\n<h3 class=\"wp-block-heading\">Qu\u00e9 derechos tienes sobre tus datos<\/h3>\n\n\n\n<p>Puedes solicitar que eliminemos cualquier dato personal que tengamos sobre ti. Esto no incluye ning\u00fan dato que estemos obligados a conservar con fines administrativos, legales o de seguridad.<\/p>\n\n\n\n<h3 class=\"wp-block-heading\">D\u00f3nde se env\u00edan tus datos<\/h3>\n\n\n\n<p>Los datos son almacenados en servidores de amoved dentro de la Uni\u00f3n Europea.<\/p>\n\n\n\n<div style=\"height:var(--wp--preset--spacing--60)\" aria-hidden=\"true\" class=\"wp-block-spacer\"><\/div>\n<\/div>\n","protected":false},"excerpt":{"rendered":"<p>No permitir el uso de Matomo para medir tr\u00e1fico Utilizamos Matomo para realizar un an\u00e1lisis de tr\u00e1fico lo m\u00e1s \u00e9tico posible pero puedes desactivarlo en el siguiente casilla. Qui\u00e9nes somos amoved, marca comercial de la entidad Asoc. ETDT, c\/ Paseo de Osuna 67, 28042, Madrid. La web a la que hace referencia esta pol\u00edtica de [&hellip;]<\/p>\n","protected":false},"author":1,"featured_media":0,"parent":0,"menu_order":0,"comment_status":"closed","ping_status":"closed","template":"","meta":{"_acf_changed":false,"_uag_custom_page_level_css":"","footnotes":""},"class_list":["post-1265","page","type-page","status-publish","hentry"],"acf":[],"uagb_featured_image_src":{"full":false,"thumbnail":false,"medium":false,"medium_large":false,"large":false,"1536x1536":false,"2048x2048":false},"uagb_author_info":{"display_name":"amoved","author_link":"https:\/\/amoved.es\/en\/author\/amoved\/"},"uagb_comment_info":0,"uagb_excerpt":"No permitir el uso de Matomo para medir tr\u00e1fico Utilizamos Matomo para realizar un an\u00e1lisis de tr\u00e1fico lo m\u00e1s \u00e9tico posible pero puedes desactivarlo en el siguiente casilla. Qui\u00e9nes somos amoved, marca comercial de la entidad Asoc. ETDT, c\/ Paseo de Osuna 67, 28042, Madrid. La web a la que hace referencia esta pol\u00edtica de&hellip;","_links":{"self":[{"href":"https:\/\/amoved.es\/en\/wp-json\/wp\/v2\/pages\/1265","targetHints":{"allow":["GET"]}}],"collection":[{"href":"https:\/\/amoved.es\/en\/wp-json\/wp\/v2\/pages"}],"about":[{"href":"https:\/\/amoved.es\/en\/wp-json\/wp\/v2\/types\/page"}],"author":[{"embeddable":true,"href":"https:\/\/amoved.es\/en\/wp-json\/wp\/v2\/users\/1"}],"replies":[{"embeddable":true,"href":"https:\/\/amoved.es\/en\/wp-json\/wp\/v2\/comments?post=1265"}],"version-history":[{"count":11,"href":"https:\/\/amoved.es\/en\/wp-json\/wp\/v2\/pages\/1265\/revisions"}],"predecessor-version":[{"id":1276,"href":"https:\/\/amoved.es\/en\/wp-json\/wp\/v2\/pages\/1265\/revisions\/1276"}],"wp:attachment":[{"href":"https:\/\/amoved.es\/en\/wp-json\/wp\/v2\/media?parent=1265"}],"curies":[{"name":"wp","href":"https:\/\/api.w.org\/{rel}","templated":true}]}}