{"id":599,"date":"2023-09-10T12:49:29","date_gmt":"2023-09-10T12:49:29","guid":{"rendered":"https:\/\/amoved.es\/?page_id=599"},"modified":"2023-09-10T12:49:29","modified_gmt":"2023-09-10T12:49:29","slug":"tablon","status":"publish","type":"page","link":"https:\/\/amoved.es\/en\/tablon\/","title":{"rendered":"Tabl\u00f3n de anuncios"},"content":{"rendered":"\n<section class=\"wp-block-awt-section-hero has-bottle-green-background-color has-background\"><div class=\"container row\"><div class=\"col awt-col-12 awt-col-lg-10 awt-col-xl-8\">\n<h1 class=\"wp-block-awt-rich-text\">Tabl\u00f3n<\/h1>\n\n\n\n<p class=\"has-custom-white-color has-text-color has-large-font-size\">Un punto de encuentro digital<\/p>\n<\/div><\/div><\/section>\n\n\n\n<section class=\"wp-block-awt-section\"><div class=\"container\">\n<div class=\"wp-block-columns is-layout-flex wp-container-core-columns-is-layout-9d6595d7 wp-block-columns-is-layout-flex\">\n<div class=\"wp-block-column is-layout-flow wp-block-column-is-layout-flow\"><div class=\"wp-rss-template-container\" data-wpra-template=\"default\" data-template-ctx=\"eyJpc0FsbCI6dHJ1ZSwidGVtcGxhdGUiOiJkZWZhdWx0IiwicGFnaW5hdGlvbiI6dHJ1ZX0=\">\n    <div class=\"wp-rss-aggregator wpra-list-template  \" data-page=\"1\">\n    \n    \n<ul class=\"wpra-item-list rss-aggregator wpra-item-list--bullets wpra-item-list--default\"\n    start=\"1\">\n                        <li class=\"wpra-item feed-item \">\n            \n            \n\n    <a  href=\"https:\/\/mad.convoca.la\/event\/taller-de-reparaciones-participativas-repair-cafe-14\" target=\"_blank\" rel=\"nofollow\" class=\"\">[2026-03-07] Taller de reparaciones participativas &#039;Repair Caf\u00e9&#039; @ Biblioteca P\u00fablica Miguel Hern\u00e1ndez<\/a>\n\n\n\n\n\n\n<div class=\"wprss-feed-meta\">\n            <span class=\"feed-source\">\n            Source:\n\n                            Madrid\n                    <\/span>\n    \n            <span class=\"feed-date\">\n            Published on 2026-03-02\n        <\/span>\n    \n    <\/div>\n\n\n\n\n\n            \n        <\/li>\n                    <li class=\"wpra-item feed-item \">\n            \n            \n\n    <a  href=\"https:\/\/mad.convoca.la\/event\/entrevias-lugar-de-memoria-democratica-peironcely-10\" target=\"_blank\" rel=\"nofollow\" class=\"\">[2025-11-08] Entrev\u00edas: Lugar de Memoria Democr\u00e1tica. Peironcely, 10 @ Calle Peironcely, 10, Madrid<\/a>\n\n\n\n\n\n\n<div class=\"wprss-feed-meta\">\n            <span class=\"feed-source\">\n            Source:\n\n                            Madrid\n                    <\/span>\n    \n            <span class=\"feed-date\">\n            Published on 2025-11-03\n        <\/span>\n    \n    <\/div>\n\n\n\n\n\n            \n        <\/li>\n                    <li class=\"wpra-item feed-item \">\n            \n            \n\n    <a  href=\"https:\/\/mad.convoca.la\/event\/club-de-lectura-ariskas-2\" target=\"_blank\" rel=\"nofollow\" class=\"\">[2025-10-26] Club de lectura Ariskas @ La Villana de Vallekas<\/a>\n\n\n\n\n\n\n<div class=\"wprss-feed-meta\">\n            <span class=\"feed-source\">\n            Source:\n\n                            Madrid\n                    <\/span>\n    \n            <span class=\"feed-date\">\n            Published on 2025-10-03\n        <\/span>\n    \n    <\/div>\n\n\n\n\n\n            \n        <\/li>\n                    <li class=\"wpra-item feed-item \">\n            \n            \n\n    <a  href=\"https:\/\/mad.convoca.la\/event\/fiestas-de-la-karmela-1\" target=\"_blank\" rel=\"nofollow\" class=\"\">[2025-07-17] Fiestas de La Karmela @ Parque Javier de Miguel<\/a>\n\n\n\n\n\n\n<div class=\"wprss-feed-meta\">\n            <span class=\"feed-source\">\n            Source:\n\n                            Madrid\n                    <\/span>\n    \n            <span class=\"feed-date\">\n            Published on 2025-07-09\n        <\/span>\n    \n    <\/div>\n\n\n\n\n\n            \n        <\/li>\n                    <li class=\"wpra-item feed-item \">\n            \n            \n\n    <a  href=\"https:\/\/mad.convoca.la\/event\/ii-jornadas-contra-el-sistema-tecnoindustrial\" target=\"_blank\" rel=\"nofollow\" class=\"\">[2025-06-20] II Jornadas contra el Sistema Tecnoindustrial @ Ateneo Libertario La Garra<\/a>\n\n\n\n\n\n\n<div class=\"wprss-feed-meta\">\n            <span class=\"feed-source\">\n            Source:\n\n                            Madrid\n                    <\/span>\n    \n            <span class=\"feed-date\">\n            Published on 2025-06-13\n        <\/span>\n    \n    <\/div>\n\n\n\n\n\n            \n        <\/li>\n                    <li class=\"wpra-item feed-item \">\n            \n            \n\n    <a  href=\"https:\/\/mad.convoca.la\/event\/teta-fest-3degree-dia\" target=\"_blank\" rel=\"nofollow\" class=\"\">[2025-06-08] Teta Fest &#8211; 3\u00b0 d\u00eda @ Parque Azor\u00edn<\/a>\n\n\n\n\n\n\n<div class=\"wprss-feed-meta\">\n            <span class=\"feed-source\">\n            Source:\n\n                            Madrid\n                    <\/span>\n    \n            <span class=\"feed-date\">\n            Published on 2025-06-04\n        <\/span>\n    \n    <\/div>\n\n\n\n\n\n            \n        <\/li>\n                    <li class=\"wpra-item feed-item \">\n            \n            \n\n    <a  href=\"https:\/\/mad.convoca.la\/event\/teta-fest-2degree-dia\" target=\"_blank\" rel=\"nofollow\" class=\"\">[2025-06-07] Teta Fest &#8211; 2\u00b0 d\u00eda @ Parque Azor\u00edn<\/a>\n\n\n\n\n\n\n<div class=\"wprss-feed-meta\">\n            <span class=\"feed-source\">\n            Source:\n\n                            Madrid\n                    <\/span>\n    \n            <span class=\"feed-date\">\n            Published on 2025-06-04\n        <\/span>\n    \n    <\/div>\n\n\n\n\n\n            \n        <\/li>\n                    <li class=\"wpra-item feed-item \">\n            \n            \n\n    <a  href=\"https:\/\/mad.convoca.la\/event\/teta-fest-1degree-dia\" target=\"_blank\" rel=\"nofollow\" class=\"\">[2025-06-06] Teta Fest &#8211; 1\u00b0 d\u00eda @ Parque Azor\u00edn<\/a>\n\n\n\n\n\n\n<div class=\"wprss-feed-meta\">\n            <span class=\"feed-source\">\n            Source:\n\n                            Madrid\n                    <\/span>\n    \n            <span class=\"feed-date\">\n            Published on 2025-06-04\n        <\/span>\n    \n    <\/div>\n\n\n\n\n\n            \n        <\/li>\n                    <li class=\"wpra-item feed-item \">\n            \n            \n\n    <a  href=\"https:\/\/mad.convoca.la\/event\/club-de-lectura-de-ariskas\" target=\"_blank\" rel=\"nofollow\" class=\"\">[2025-04-27] Club de lectura de Ariskas @ La Villana de Vallekas<\/a>\n\n\n\n\n\n\n<div class=\"wprss-feed-meta\">\n            <span class=\"feed-source\">\n            Source:\n\n                            Madrid\n                    <\/span>\n    \n            <span class=\"feed-date\">\n            Published on 2025-04-03\n        <\/span>\n    \n    <\/div>\n\n\n\n\n\n            \n        <\/li>\n                    <li class=\"wpra-item feed-item \">\n            \n            \n\n    <a  href=\"https:\/\/mad.convoca.la\/event\/reabrimos-la-taberna-de-la-villana-de-vallekas\" target=\"_blank\" rel=\"nofollow\" class=\"\">[2025-03-22] \u00a1Reabrimos la taberna de la Villana de Vallekas! @ La Villana de Vallekas<\/a>\n\n\n\n\n\n\n<div class=\"wprss-feed-meta\">\n            <span class=\"feed-source\">\n            Source:\n\n                            Madrid\n                    <\/span>\n    \n            <span class=\"feed-date\">\n            Published on 2025-03-10\n        <\/span>\n    \n    <\/div>\n\n\n\n\n\n            \n        <\/li>\n                    <li class=\"wpra-item feed-item \">\n            \n            \n\n    <a  href=\"https:\/\/mad.convoca.la\/event\/taller-utopias-transfeministas\" target=\"_blank\" rel=\"nofollow\" class=\"\">[2025-03-01] Taller: Utop\u00edas transfeministas @ La Villana de Vallekas<\/a>\n\n\n\n\n\n\n<div class=\"wprss-feed-meta\">\n            <span class=\"feed-source\">\n            Source:\n\n                            Madrid\n                    <\/span>\n    \n            <span class=\"feed-date\">\n            Published on 2025-02-23\n        <\/span>\n    \n    <\/div>\n\n\n\n\n\n            \n        <\/li>\n                    <li class=\"wpra-item feed-item \">\n            \n            \n\n    <a  href=\"https:\/\/mad.convoca.la\/event\/concierto-queerpunk-tampo-daspart-inkuirsicion-y-arpia\" target=\"_blank\" rel=\"nofollow\" class=\"\">[2025-01-25] Concierto queerpunk: Tamp\u00f3 D&#039;Aspart, Inkuirsici\u00f3n y Arp\u00eda @ CS La Brecha<\/a>\n\n\n\n\n\n\n<div class=\"wprss-feed-meta\">\n            <span class=\"feed-source\">\n            Source:\n\n                            Madrid\n                    <\/span>\n    \n            <span class=\"feed-date\">\n            Published on 2025-01-24\n        <\/span>\n    \n    <\/div>\n\n\n\n\n\n            \n        <\/li>\n                    <li class=\"wpra-item feed-item \">\n            \n            \n\n    <a  href=\"https:\/\/mad.convoca.la\/event\/vallekas-femfest\" target=\"_blank\" rel=\"nofollow\" class=\"\">[2024-09-14] Vallekas FemFest @ CS La Tacita<\/a>\n\n\n\n\n\n\n<div class=\"wprss-feed-meta\">\n            <span class=\"feed-source\">\n            Source:\n\n                            Madrid\n                    <\/span>\n    \n            <span class=\"feed-date\">\n            Published on 2024-09-03\n        <\/span>\n    \n    <\/div>\n\n\n\n\n\n            \n        <\/li>\n                    <li class=\"wpra-item feed-item \">\n            \n            \n\n    <a  href=\"https:\/\/mad.convoca.la\/event\/racismo-en-el-entorno-laboral-taller-antirracista\" target=\"_blank\" rel=\"nofollow\" class=\"\">[2024-06-30] Racismo en el entorno laboral (Taller antirracista) @ La Villana de Vallekas<\/a>\n\n\n\n\n\n\n<div class=\"wprss-feed-meta\">\n            <span class=\"feed-source\">\n            Source:\n\n                            Madrid\n                    <\/span>\n    \n            <span class=\"feed-date\">\n            Published on 2024-06-23\n        <\/span>\n    \n    <\/div>\n\n\n\n\n\n            \n        <\/li>\n                    <li class=\"wpra-item feed-item \">\n            \n            \n\n    <a  href=\"https:\/\/mad.convoca.la\/event\/impacto-medioambiental-de-los-centros-de-datos-e-ia\" target=\"_blank\" rel=\"nofollow\" class=\"\">[2024-05-24] Impacto Medioambiental de los Centros de Datos e IA @ CS La Brecha<\/a>\n\n\n\n\n\n\n<div class=\"wprss-feed-meta\">\n            <span class=\"feed-source\">\n            Source:\n\n                            Madrid\n                    <\/span>\n    \n            <span class=\"feed-date\">\n            Published on 2024-05-20\n        <\/span>\n    \n    <\/div>\n\n\n\n\n\n            \n        <\/li>\n        <\/ul>\n\n            <div class=\"nav-links\">\n            <div class=\"nav-previous alignleft\">\n            <a data-wpra-shortcode=\"shortcode\" data-wpra-page=\"2\">\n                Older posts            <\/a>\n        <\/div>\n        <\/div>\n\n        \n<\/div>\n\n<\/div>\n<\/div>\n<\/div>\n<\/div><\/section>\n","protected":false},"excerpt":{"rendered":"","protected":false},"author":2,"featured_media":0,"parent":0,"menu_order":0,"comment_status":"closed","ping_status":"closed","template":"","meta":{"_acf_changed":false,"_uag_custom_page_level_css":"","footnotes":""},"class_list":["post-599","page","type-page","status-publish","hentry"],"acf":[],"uagb_featured_image_src":{"full":false,"thumbnail":false,"medium":false,"medium_large":false,"large":false,"1536x1536":false,"2048x2048":false},"uagb_author_info":{"display_name":"Luis H. Porras","author_link":"https:\/\/amoved.es\/en\/author\/luishporras\/"},"uagb_comment_info":0,"uagb_excerpt":null,"_links":{"self":[{"href":"https:\/\/amoved.es\/en\/wp-json\/wp\/v2\/pages\/599","targetHints":{"allow":["GET"]}}],"collection":[{"href":"https:\/\/amoved.es\/en\/wp-json\/wp\/v2\/pages"}],"about":[{"href":"https:\/\/amoved.es\/en\/wp-json\/wp\/v2\/types\/page"}],"author":[{"embeddable":true,"href":"https:\/\/amoved.es\/en\/wp-json\/wp\/v2\/users\/2"}],"replies":[{"embeddable":true,"href":"https:\/\/amoved.es\/en\/wp-json\/wp\/v2\/comments?post=599"}],"version-history":[{"count":2,"href":"https:\/\/amoved.es\/en\/wp-json\/wp\/v2\/pages\/599\/revisions"}],"predecessor-version":[{"id":601,"href":"https:\/\/amoved.es\/en\/wp-json\/wp\/v2\/pages\/599\/revisions\/601"}],"wp:attachment":[{"href":"https:\/\/amoved.es\/en\/wp-json\/wp\/v2\/media?parent=599"}],"curies":[{"name":"wp","href":"https:\/\/api.w.org\/{rel}","templated":true}]}}